{"id":79,"date":"2014-04-07T09:26:57","date_gmt":"2014-04-07T07:26:57","guid":{"rendered":"http:\/\/www.von-dehn.de\/site\/?page_id=79"},"modified":"2023-10-05T22:55:40","modified_gmt":"2023-10-05T20:55:40","slug":"siedlungsformen","status":"publish","type":"page","link":"http:\/\/www.von-dehn.de\/site\/friesen-und-freiheit\/siedlungsformen\/","title":{"rendered":"Siedlungsformen"},"content":{"rendered":"<div id=\"fb-root\"><\/div>\n<audio class=\"wp-audio-shortcode\" id=\"audio-79-1\" preload=\"none\" style=\"width: 100%;\" controls=\"controls\"><source type=\"audio\/mpeg\" src=\"http:\/\/www.von-dehn.de\/site\/wp-content\/uploads\/2014\/04\/02-Sehnsucht.mp3?_=1\" \/><a href=\"http:\/\/www.von-dehn.de\/site\/wp-content\/uploads\/2014\/04\/02-Sehnsucht.mp3\">http:\/\/www.von-dehn.de\/site\/wp-content\/uploads\/2014\/04\/02-Sehnsucht.mp3<\/a><\/audio>\n<h5 style=\"text-align: right;\"><span style=\"color: #800000;\">\u00a9\u00a0&#8211; Gunda v. Dehn &#8222;Sehnsucht&#8220;<\/span><\/h5>\n<div id=\"attachment_4169\" style=\"width: 310px\" class=\"wp-caption aligncenter\"><a href=\"http:\/\/www.von-dehn.de\/site\/wp-content\/uploads\/2014\/04\/Hortensien_2015.jpg\"><img decoding=\"async\" aria-describedby=\"caption-attachment-4169\" class=\"wp-image-4169 size-medium\" src=\"http:\/\/www.von-dehn.de\/site\/wp-content\/uploads\/2014\/04\/Hortensien_2015-300x265.jpg\" alt=\"Hortensien_2015\" width=\"300\" height=\"265\" srcset=\"http:\/\/www.von-dehn.de\/site\/wp-content\/uploads\/2014\/04\/Hortensien_2015-300x265.jpg 300w, http:\/\/www.von-dehn.de\/site\/wp-content\/uploads\/2014\/04\/Hortensien_2015.jpg 950w\" sizes=\"(max-width: 300px) 100vw, 300px\" \/><\/a><p id=\"caption-attachment-4169\" class=\"wp-caption-text\">Hortensien<\/p><\/div>\n<h2><span style=\"color: #800000;\"><em>Siedlungsformen<\/em><\/span><\/h2>\n<p>Mit dem Wachsen des Fernhandels (es gab Handelsbeziehungen in den Nahen Osten bis hin nach \u00c4gypten) begannen die Kelten verst\u00e4rkt, ihre Siedlungen zu befestigen. Zum Schutz der Handelsstra\u00dfen, wie wir das auch bei den Ordensrittern beobachten k\u00f6nnen, wurden burg\u00e4hnliche Anlagen mit Stallungen und Werkst\u00e4tten geschaffen, wodurch Handelspl\u00e4tze und gr\u00f6\u00dfere Ansiedlungen mit Freifl\u00e4chen f\u00fcr Vieh und Gartenbau entstanden. In diesen Burganlagen hielten sich st\u00e4ndig rd. 1.000 Personen auf. Die Befestigungsanlagen bestanden aus W\u00e4llen und Palisaden.<\/p>\n<p>Keltische D\u00f6rfer waren \u00fcberwiegend unbefestigt. Die H\u00e4user in Pfostenbauweise besa\u00dfen Lehmflechtw\u00e4nde und Reithd\u00e4cher mit Giebeln (\u00e4hnl. wie sie heute noch in Ostfriesland zu sehen sind). Gelegentlich dienten Steine als Fundament. Das rechteckige Haus war ca. f\u00fcnf mal sechs Meter klein. Mensch und Tier lebten unter einem Dach und mehr oder weniger auch in einem Raum. Diese H\u00e4user gab es auch in Gallien.<\/p>\n<p>Zu einem Dorf geh\u00f6rten ca. 30 H\u00e4user. Da \u00fcberliefert ist, dass keltische Frauen sehr fruchtbar waren, wird in einem Haus eine gro\u00dfe Zahl an Personen gewohnt haben, denn auch Knechte und M\u00e4gde fanden dort Unterkunft.<\/p>\n<p>Es gab aber auch Einzelgeh\u00f6fte. Diese Geh\u00f6fte besa\u00dfen gesonderte Getreidespeicher, die &#8211; zum Schutz gegen Nagetiere &#8211; auf Pf\u00e4hlen errichtet waren. Solchen &#8218;Spieker&#8216; gibt es auch heute noch im Museumsdorf Bad Zwischenahn im Ammerland zu sehen. Zu den H\u00f6fen geh\u00f6rten auch sog. Grubenh\u00e4user, in denen sich Mieten zur \u00dcberwinterung von R\u00fcben und Kohl etc. befanden.<\/p>\n<p>Auf den britischen Inseln wurden \u00fcberwiegend einr\u00e4umige Rundh\u00e4user mit einem Durchmesser von 5 bis 15 m errichtet. Das konische Dach sa\u00df direkt auf den W\u00e4nden auf. Auch diese Form des Hausbaus gab es bei uns (z.B. die &#8218;Motten&#8216; in Bad Dreibergen im Ammerland &#8211; leider nicht mehr vorhanden) Dazugeh\u00f6rig waren Nebengeb\u00e4ude f\u00fcr K\u00fcchen, Werkstatt, Vorr\u00e4te.<\/p>\n<p>In Nordbritannien baute man auf k\u00fcnstlichen Inseln, den &#8222;Crannogs&#8220;, sog. &#8222;Brochs&#8220;, runde Wehrt\u00fcrme. Auch in Ostfriesland gab es sogenannte &#8218;Stinsen&#8216;, das sind turm\u00e4hnliche Wehrh\u00e4user aus Stein, die mit Wassergr\u00e4ben umgeben waren und somit auf einer Insel standen. In fr\u00fcherer Zeit waren diese Wehrt\u00fcrme auch aus Holz oder im Fachwerkstil gebaut.<\/p>\n<p>Die Kelten passten sich gut an die \u00f6rtlichen Gegebenheiten an. So wurden auf der iberischen Halbinsel Steinburgen auf H\u00fcgeln errichtet, die W\u00e4lle, Gr\u00e4ben und Tore besa\u00dfen. Da sich zu F\u00fcssen von Burgen stets Siedlungen bildeten, wurden diese Anlagen, wie anderswo auch, zum Grundstock f\u00fcr viele St\u00e4dte.<\/p>\n<p>Mit dem 2. Jh. v. Chr. entstanden durch die &#8218;Bev\u00f6lkerungsexplosion&#8216; sog. &#8222;Oppida&#8220;, also Gro\u00dfsiedlungen. Diese Oppida besassen zum Teil starke Befestigungsanlagen. Die Struktur war naturgem\u00e4\u00df recht unterschiedlich, aber diese Oppida besassen bereits ein gut ausgebautes Stra\u00dfennetz. Es handelte sich um St\u00e4dte mit Handwerk und Gewerbetreibenden.<br \/>\nkeltische Fundorte:<\/p>\n<ul>\n<li>Hochdorf (Landkreis Sigmaringen)<\/li>\n<li>Heuneburg (Baden-W\u00fcrttemberg)<\/li>\n<li>Vix (Frankreich)<\/li>\n<li>Hallstatt (\u00d6sterreich)<\/li>\n<li>La T\u00e8ne (Schweiz)<\/li>\n<li>Im \u00fcbrigen gibt es auch in Ostfriesland den Ort Theene.<\/li>\n<li>Bei Moordorf (S\u00fcdbrookmerland\/Ostfriesland) fand man eine &#8218;Goldscheibe&#8216; zur Verehrung der Sonneng\u00f6ttin<\/li>\n<li>Bei Hesel (Landkreis Aurich\/ Ostfriesland) wurde erst k\u00fcrzlich eine heidnische Kultst\u00e4tte freigelegt (s. Ostfrs. Landschaft, Aurich)<\/li>\n<\/ul>\n<p>Gunda v. Dehn<\/p>\n<hr \/>\n<div id=\"attachment_3171\" style=\"width: 160px\" class=\"wp-caption alignleft\"><a href=\"http:\/\/www.von-dehn.de\/site\/wp-content\/uploads\/2014\/04\/AutogrammkarteGunda.png\"><img decoding=\"async\" aria-describedby=\"caption-attachment-3171\" class=\"wp-image-3171 size-thumbnail\" src=\"http:\/\/www.von-dehn.de\/site\/wp-content\/uploads\/2014\/04\/AutogrammkarteGunda-150x150.png\" alt=\"AutogrammkarteGunda\" width=\"150\" height=\"150\" srcset=\"http:\/\/www.von-dehn.de\/site\/wp-content\/uploads\/2014\/04\/AutogrammkarteGunda-66x66.png 66w, http:\/\/www.von-dehn.de\/site\/wp-content\/uploads\/2014\/04\/AutogrammkarteGunda-150x150.png 150w\" sizes=\"(max-width: 150px) 100vw, 150px\" \/><\/a><p id=\"caption-attachment-3171\" class=\"wp-caption-text\">Gunda von Dehn<\/p><\/div>\n<h2><strong><em><span style=\"color: #993300;\">Hinweis: Roman &#8222;Chroniken der tom Brook&#8220;<\/span><\/em><\/strong><\/h2>\n<p><span style=\"color: #800000;\">Band I-IV &#8222;Chroniken der tom Brook&#8220;<\/span><span style=\"color: #0000ff;\"><span style=\"color: #0000ff;\"><b>\u00a0Download\u00a0bei \/ Kobo u.v.a. Anbietern<\/b><\/span><\/span><\/p>\n<p><span style=\"color: #0000ff;\"><a style=\"color: #0000ff;\" href=\"http:\/\/www.hugendubel.de\/de\/ebook\/gunda_von_dehn-chroniken_der_tom_brook-29133974-produkt-details.html\">http:\/\/www.hugendubel.de\/de\/ebook\/gunda_von_dehn-chroniken_der_tom_brook-29133974-produkt-details.html<\/a><\/span><\/p>\n<p><strong><span style=\"color: #800000;\">Band II &#8222;Chroniken der tom Brook&#8220;:<\/span> <span style=\"color: #0000ff;\"><a class=\"moz-txt-link-freetext\" style=\"color: #0000ff;\" href=\"http:\/\/store.kobobooks.com\/de-DE\/ebook\/chroniken-der-tom-brook-1\">http:\/\/store.kobobooks.com\/de-DE\/ebook\/chroniken-der-tom-brook-1<\/a><\/span><\/strong><\/p>\n<hr \/>\n<h5>Letzte \u00c4nderung 05.10.2023<\/h5>\n<hr \/>\n","protected":false},"excerpt":{"rendered":"<p>\u00a9\u00a0&#8211; Gunda v. Dehn &#8222;Sehnsucht&#8220; Siedlungsformen Mit dem Wachsen des Fernhandels (es gab Handelsbeziehungen in den Nahen Osten bis hin nach \u00c4gypten) begannen die Kelten verst\u00e4rkt, ihre Siedlungen zu befestigen. Zum Schutz der Handelsstra\u00dfen, wie wir das auch bei den Ordensrittern beobachten k\u00f6nnen, wurden burg\u00e4hnliche Anlagen mit Stallungen und Werkst\u00e4tten geschaffen, wodurch Handelspl\u00e4tze und gr\u00f6\u00dfere [&hellip;]<\/p>\n","protected":false},"author":1,"featured_media":0,"parent":34,"menu_order":13,"comment_status":"closed","ping_status":"open","template":"side-navigation.php","meta":{"footnotes":""},"class_list":["post-79","page","type-page","status-publish","hentry"],"_links":{"self":[{"href":"http:\/\/www.von-dehn.de\/site\/wp-json\/wp\/v2\/pages\/79","targetHints":{"allow":["GET"]}}],"collection":[{"href":"http:\/\/www.von-dehn.de\/site\/wp-json\/wp\/v2\/pages"}],"about":[{"href":"http:\/\/www.von-dehn.de\/site\/wp-json\/wp\/v2\/types\/page"}],"author":[{"embeddable":true,"href":"http:\/\/www.von-dehn.de\/site\/wp-json\/wp\/v2\/users\/1"}],"replies":[{"embeddable":true,"href":"http:\/\/www.von-dehn.de\/site\/wp-json\/wp\/v2\/comments?post=79"}],"version-history":[{"count":21,"href":"http:\/\/www.von-dehn.de\/site\/wp-json\/wp\/v2\/pages\/79\/revisions"}],"predecessor-version":[{"id":6960,"href":"http:\/\/www.von-dehn.de\/site\/wp-json\/wp\/v2\/pages\/79\/revisions\/6960"}],"up":[{"embeddable":true,"href":"http:\/\/www.von-dehn.de\/site\/wp-json\/wp\/v2\/pages\/34"}],"wp:attachment":[{"href":"http:\/\/www.von-dehn.de\/site\/wp-json\/wp\/v2\/media?parent=79"}],"curies":[{"name":"wp","href":"https:\/\/api.w.org\/{rel}","templated":true}]}}